{"id":9004,"date":"2020-02-24T19:04:36","date_gmt":"2020-02-24T17:04:36","guid":{"rendered":"https:\/\/lubasch.ch\/wp\/?page_id=9004"},"modified":"2025-08-29T23:41:44","modified_gmt":"2025-08-29T21:41:44","slug":"langenscheidt","status":"publish","type":"page","link":"https:\/\/lubasch.ch\/wp\/gadgets\/multimedia\/langenscheidt\/","title":{"rendered":"Langenscheidt"},"content":{"rendered":"<h2 data-wp-editing=\"1\"><a href=\"https:\/\/www.langenscheidt.com\/shop\/ch\" target=\"_blank\" rel=\"noopener\"><img loading=\"lazy\" decoding=\"async\" class=\"alignright wp-image-15651\" style=\"margin: 0px; border: 0px solid #000000;\" src=\"https:\/\/lubasch.ch\/wp-content\/uploads\/2023\/10\/langenscheidt_logo.png\" alt=\"\" width=\"120\" height=\"112\" \/><\/a>Die kulinarische Sprachreise<\/h2>\n<h5>Sprachenlernen mit Genuss<\/h5>\n<p><strong style=\"font-size: 0.95em;\">Gazpacho andaluz oder Tortilla espa\u00f1ola \u2013 was Lust auf die spanische K\u00fcche macht, kann auch die Lust an der Sprache f\u00f6rdern.<\/strong><\/p>\n<p><strong><a style=\"text-decoration-line: underline;\" href=\"https:\/\/lubasch.ch\/wp-content\/uploads\/2025\/05\/langenscheidt_kulinarische-sprachreise.jpg\"><img loading=\"lazy\" decoding=\"async\" class=\"alignright wp-image-18425\" style=\"margin: 0px; border: 0px solid #000000;\" src=\"https:\/\/lubasch.ch\/wp-content\/uploads\/2025\/05\/langenscheidt_kulinarische-sprachreise-211x300.jpg\" alt=\"\" width=\"352\" height=\"500\" srcset=\"https:\/\/lubasch.ch\/wp-content\/uploads\/2025\/05\/langenscheidt_kulinarische-sprachreise-211x300.jpg 211w, https:\/\/lubasch.ch\/wp-content\/uploads\/2025\/05\/langenscheidt_kulinarische-sprachreise-721x1024.jpg 721w, https:\/\/lubasch.ch\/wp-content\/uploads\/2025\/05\/langenscheidt_kulinarische-sprachreise-768x1091.jpg 768w, https:\/\/lubasch.ch\/wp-content\/uploads\/2025\/05\/langenscheidt_kulinarische-sprachreise-1081x1536.jpg 1081w, https:\/\/lubasch.ch\/wp-content\/uploads\/2025\/05\/langenscheidt_kulinarische-sprachreise.jpg 1126w\" sizes=\"auto, (max-width: 352px) 100vw, 352px\" \/><\/a><\/strong><\/p>\n<p><strong>W\u00e4hrend sich traditionelle Lernmethoden auf Grammatik und Vokabeln fokussieren, nehmen unkonventionelle Ans\u00e4tze den Einsatz der Sprache in ganz allt\u00e4glichen Situationen auf. Das steigert die Motivation und macht das Lernen ebenso interessant wie unterhaltsam. <\/strong><\/p>\n<p><strong>Die Langenscheidt-Reihe \u00abDie kulinarische Sprachreise\u00bb nutzt dieses Lernkonzept anhand von Kulinarik und Kultur aus den jeweiligen L\u00e4ndern f\u00fcr die Sprachen Franz\u00f6sisch, Italienisch und eben Spanisch.<\/strong><\/p>\n<p>Damit ist die Reihe Reiselekt\u00fcre und Kochbuch in einem und passt perfekt in das umfangreiche Sortiment unkonventioneller Sprachkurse von Langenscheidt. In zahlreichen Geschichten, Interviews und Dialogen liefert die Reihe Feinschmeckern Wissenswertes rund um die Regionen am Mittelmeer, typische Produkte sowie jeweils 40 Gerichte.<\/p>\n<p>Dar\u00fcber hinaus werden in kleinen \u00dcbungen Leseverstehen, Kommunikation und Wortschatz trainiert, vertieft und erweitert. Und damit beim Kochen auch garantiert nichts schiefgeht, werden alle f\u00fcr das Rezept zentralen Begriffe gleich am Seitenrand \u00fcbersetzt. Am Ende des Buches stehen schliesslich die L\u00f6sungen zu den vielen \u00dcbungen sowie eine umfangreiche Auflistung aller wichtigen Begriffe rund ums Thema Kulinarik und Kochen.<\/p>\n<p>Die kulinarische Sprachreise durch Frankreich, Italien und Spanien richtet sich an Lernende mit guten Vorkenntnissen. Ab sofort ist die Reihe im \u00fcberarbeiteten Design und in neuer Bildsprache <a href=\"https:\/\/www.langenscheidt.com\/shop\/ch\" target=\"_blank\" rel=\"noopener\">online<\/a> sowie im station\u00e4ren Buchhandel erh\u00e4ltlich.<\/p>\n<h5>Information<\/h5>\n<p><a href=\"https:\/\/www.langenscheidt.com\/shop\/ch\" target=\"_blank\" rel=\"noopener noreferrer\">langenscheidt.com<\/a><\/p>\n","protected":false},"excerpt":{"rendered":"<p>Die kulinarische Sprachreise Sprachenlernen mit Genuss Gazpacho andaluz oder Tortilla espa\u00f1ola \u2013 was Lust auf die spanische K\u00fcche macht, kann auch die Lust an der Sprache f\u00f6rdern. W\u00e4hrend sich traditionelle Lernmethoden auf Grammatik und Vokabeln fokussieren, nehmen unkonventionelle Ans\u00e4tze den Einsatz der Sprache in ganz allt\u00e4glichen Situationen auf. Das steigert die Motivation und macht das [&hellip;]<\/p>\n","protected":false},"author":1,"featured_media":0,"parent":383,"menu_order":25,"comment_status":"closed","ping_status":"closed","template":"","meta":{"ocean_post_layout":"full-width","ocean_both_sidebars_style":"","ocean_both_sidebars_content_width":0,"ocean_both_sidebars_sidebars_width":0,"ocean_sidebar":"","ocean_second_sidebar":"","ocean_disable_margins":"enable","ocean_add_body_class":"","ocean_shortcode_before_top_bar":"","ocean_shortcode_after_top_bar":"","ocean_shortcode_before_header":"","ocean_shortcode_after_header":"","ocean_has_shortcode":"","ocean_shortcode_after_title":"","ocean_shortcode_before_footer_widgets":"","ocean_shortcode_after_footer_widgets":"","ocean_shortcode_before_footer_bottom":"","ocean_shortcode_after_footer_bottom":"","ocean_display_top_bar":"default","ocean_display_header":"default","ocean_header_style":"","ocean_center_header_left_menu":"","ocean_custom_header_template":"","ocean_custom_logo":0,"ocean_custom_retina_logo":0,"ocean_custom_logo_max_width":0,"ocean_custom_logo_tablet_max_width":0,"ocean_custom_logo_mobile_max_width":0,"ocean_custom_logo_max_height":0,"ocean_custom_logo_tablet_max_height":0,"ocean_custom_logo_mobile_max_height":0,"ocean_header_custom_menu":"","ocean_menu_typo_font_family":"","ocean_menu_typo_font_subset":"","ocean_menu_typo_font_size":0,"ocean_menu_typo_font_size_tablet":0,"ocean_menu_typo_font_size_mobile":0,"ocean_menu_typo_font_size_unit":"px","ocean_menu_typo_font_weight":"","ocean_menu_typo_font_weight_tablet":"","ocean_menu_typo_font_weight_mobile":"","ocean_menu_typo_transform":"","ocean_menu_typo_transform_tablet":"","ocean_menu_typo_transform_mobile":"","ocean_menu_typo_line_height":0,"ocean_menu_typo_line_height_tablet":0,"ocean_menu_typo_line_height_mobile":0,"ocean_menu_typo_line_height_unit":"","ocean_menu_typo_spacing":0,"ocean_menu_typo_spacing_tablet":0,"ocean_menu_typo_spacing_mobile":0,"ocean_menu_typo_spacing_unit":"","ocean_menu_link_color":"","ocean_menu_link_color_hover":"","ocean_menu_link_color_active":"","ocean_menu_link_background":"","ocean_menu_link_hover_background":"","ocean_menu_link_active_background":"","ocean_menu_social_links_bg":"","ocean_menu_social_hover_links_bg":"","ocean_menu_social_links_color":"","ocean_menu_social_hover_links_color":"","ocean_disable_title":"default","ocean_disable_heading":"default","ocean_post_title":"","ocean_post_subheading":"","ocean_post_title_style":"","ocean_post_title_background_color":"","ocean_post_title_background":0,"ocean_post_title_bg_image_position":"","ocean_post_title_bg_image_attachment":"","ocean_post_title_bg_image_repeat":"","ocean_post_title_bg_image_size":"","ocean_post_title_height":0,"ocean_post_title_bg_overlay":0.5,"ocean_post_title_bg_overlay_color":"","ocean_disable_breadcrumbs":"default","ocean_breadcrumbs_color":"","ocean_breadcrumbs_separator_color":"","ocean_breadcrumbs_links_color":"","ocean_breadcrumbs_links_hover_color":"","ocean_display_footer_widgets":"default","ocean_display_footer_bottom":"default","ocean_custom_footer_template":"","footnotes":"","_links_to":"","_links_to_target":""},"class_list":["post-9004","page","type-page","status-publish","hentry","entry"],"_links":{"self":[{"href":"https:\/\/lubasch.ch\/wp\/wp-json\/wp\/v2\/pages\/9004","targetHints":{"allow":["GET"]}}],"collection":[{"href":"https:\/\/lubasch.ch\/wp\/wp-json\/wp\/v2\/pages"}],"about":[{"href":"https:\/\/lubasch.ch\/wp\/wp-json\/wp\/v2\/types\/page"}],"author":[{"embeddable":true,"href":"https:\/\/lubasch.ch\/wp\/wp-json\/wp\/v2\/users\/1"}],"replies":[{"embeddable":true,"href":"https:\/\/lubasch.ch\/wp\/wp-json\/wp\/v2\/comments?post=9004"}],"version-history":[{"count":56,"href":"https:\/\/lubasch.ch\/wp\/wp-json\/wp\/v2\/pages\/9004\/revisions"}],"predecessor-version":[{"id":19377,"href":"https:\/\/lubasch.ch\/wp\/wp-json\/wp\/v2\/pages\/9004\/revisions\/19377"}],"up":[{"embeddable":true,"href":"https:\/\/lubasch.ch\/wp\/wp-json\/wp\/v2\/pages\/383"}],"wp:attachment":[{"href":"https:\/\/lubasch.ch\/wp\/wp-json\/wp\/v2\/media?parent=9004"}],"curies":[{"name":"wp","href":"https:\/\/api.w.org\/{rel}","templated":true}]}}