{"id":20330,"date":"2026-02-17T10:22:11","date_gmt":"2026-02-17T08:22:11","guid":{"rendered":"https:\/\/lubasch.ch\/wp\/?page_id=20330"},"modified":"2026-05-04T19:01:00","modified_gmt":"2026-05-04T17:01:00","slug":"rast-kaffee-ag","status":"publish","type":"page","link":"https:\/\/lubasch.ch\/wp\/gadgets\/haushalt\/rast-kaffee-ag\/","title":{"rendered":"Rast Kaffee AG"},"content":{"rendered":"<p><a href=\"https:\/\/www.rast.ch\/de\" target=\"_blank\" rel=\"noopener\"><img loading=\"lazy\" decoding=\"async\" class=\"alignright wp-image-20335\" src=\"https:\/\/lubasch.ch\/wp-content\/uploads\/2026\/02\/rast_logo.jpg\" alt=\"\" width=\"100\" height=\"108\" srcset=\"https:\/\/lubasch.ch\/wp-content\/uploads\/2026\/02\/rast_logo.jpg 294w, https:\/\/lubasch.ch\/wp-content\/uploads\/2026\/02\/rast_logo-278x300.jpg 278w\" sizes=\"auto, (max-width: 100px) 100vw, 100px\" \/><\/a><\/p>\n<p>&nbsp;<\/p>\n<p>&nbsp;<\/p>\n<h2>F\u00fcr den perfekten Kaffeegenuss<\/h2>\n<p><a href=\"https:\/\/lubasch.ch\/wp-content\/uploads\/2026\/02\/rast_kaffeebohnen.png\"><img loading=\"lazy\" decoding=\"async\" class=\"alignright wp-image-20360\" src=\"https:\/\/lubasch.ch\/wp-content\/uploads\/2026\/02\/rast_kaffeebohnen-150x150.png\" alt=\"\" width=\"200\" height=\"250\" srcset=\"https:\/\/lubasch.ch\/wp-content\/uploads\/2026\/02\/rast_kaffeebohnen-240x300.png 240w, https:\/\/lubasch.ch\/wp-content\/uploads\/2026\/02\/rast_kaffeebohnen.png 700w\" sizes=\"auto, (max-width: 200px) 100vw, 200px\" \/><\/a>Was heute eine Schweizer Traditionsr\u00f6sterei ist, begann 1918 als Kolonialwarengesch\u00e4ft im Luzerner Vorort Meggen. Der frisch ger\u00f6stete Kaffee der Familie Rast war weit \u00fcber die Dorfgrenzen bekannt. Und ist heute ein nationaler Begriff.<\/p>\n<p>Mit \u00fcber 100 Jahren Erfahrung und h\u00f6chsten Qualit\u00e4tsanspr\u00fcchen engagiert sich die Rast Kaffee AG daf\u00fcr, dass von der Ernte \u00fcber die R\u00f6stung bis zur Schulung das Beste aus jeder Kaffeebohne herausgeholt wird.<\/p>\n<h5>Individuelle R\u00f6stprofile<\/h5>\n<p>Jeder Kaffee wird anhand eines eigens kreierten R\u00f6stprofils auf Trommelr\u00f6stmaschinen schonend ger\u00f6stet. So kann auf die individuellen Charaktereigenschaften der unterschiedlichen Bohnen optimal eingegangen werden \u2013 f\u00fcr konstant hohe Qualit\u00e4t und r\u00f6stfrischen Genuss.<\/p>\n<h3>Milano Espresso-Mischung<\/h3>\n<p>Guatemala, Brasilien, Costa Rica, Indonesien<\/p>\n<p><a href=\"https:\/\/lubasch.ch\/wp-content\/uploads\/2026\/05\/rast_milano.jpg\"><img loading=\"lazy\" decoding=\"async\" class=\"alignright wp-image-20672\" src=\"https:\/\/lubasch.ch\/wp-content\/uploads\/2026\/05\/rast_milano-300x200.jpg\" alt=\"\" width=\"450\" height=\"300\" srcset=\"https:\/\/lubasch.ch\/wp-content\/uploads\/2026\/05\/rast_milano-300x200.jpg 300w, https:\/\/lubasch.ch\/wp-content\/uploads\/2026\/05\/rast_milano.jpg 600w\" sizes=\"auto, (max-width: 450px) 100vw, 450px\" \/><\/a>Ein Espresso Blend f\u00fcr den anspruchsvollen Espresso-Fan: kr\u00e4ftiges Aroma, zartbitter im Gaumen und herrlich wuchtig im Abgang. Die kr\u00e4ftige Espressomischung, kreiert aus hochwertigen Arabicas aus Guatemala, Costa Rica und Brasilien und einem ausgesuchten Robusta aus Java, wird schonend bis leicht \u00fcber den Second Crack ger\u00f6stet. Durch ihr volles und kr\u00e4ftiges Aroma sowie Noten von Haselnuss und zartbitterer Schokolade ein wahres Geschmackserlebnis. Der ideale Kaffee f\u00fcr Espresso, Ristretto, Latte Macchiato, Cappuccino und dunkle Schale. Zudem gewinnt Milano Gold! Unabh\u00e4ngige Q-Grader haben eine Auswahl der Spezialit\u00e4ten-Kaffees der Rast Kaffee AG verkostet und bewertet \u2013 und die kr\u00e4ftige italienische Mischung wurde als herausragend pr\u00e4miert! <a href=\"https:\/\/schweizer-roestergilde.ch\/\" target=\"_blank\" rel=\"noopener\">(Informationen zur\u00a0 R\u00f6stgilde)<\/a><\/p>\n<p><a href=\"https:\/\/lubasch.ch\/wp-content\/uploads\/2026\/05\/rast_milano-diagramm.png\"><img loading=\"lazy\" decoding=\"async\" class=\"alignnone size-thumbnail wp-image-20665\" src=\"https:\/\/lubasch.ch\/wp-content\/uploads\/2026\/05\/rast_milano-diagramm-150x150.png\" alt=\"\" width=\"150\" height=\"150\" srcset=\"https:\/\/lubasch.ch\/wp-content\/uploads\/2026\/05\/rast_milano-diagramm-150x150.png 150w, https:\/\/lubasch.ch\/wp-content\/uploads\/2026\/05\/rast_milano-diagramm-300x300.png 300w, https:\/\/lubasch.ch\/wp-content\/uploads\/2026\/05\/rast_milano-diagramm.png 476w\" sizes=\"auto, (max-width: 150px) 100vw, 150px\" \/><\/a><\/p>\n<ul>\n<li>Arabica, Robusta<\/li>\n<li>ger\u00f6stete Haselnuss<\/li>\n<li>dunkle Schokolade, w\u00fcrzig<\/li>\n<\/ul>\n<h3>Bio Espresso-Mischung<\/h3>\n<p>Guatemala, Indonesien<\/p>\n<p><a href=\"https:\/\/lubasch.ch\/wp-content\/uploads\/2026\/05\/rast_bio-espresso.jpg\"><img loading=\"lazy\" decoding=\"async\" class=\"alignright wp-image-20666\" src=\"https:\/\/lubasch.ch\/wp-content\/uploads\/2026\/05\/rast_bio-espresso-300x200.jpg\" alt=\"\" width=\"450\" height=\"300\" srcset=\"https:\/\/lubasch.ch\/wp-content\/uploads\/2026\/05\/rast_bio-espresso-300x200.jpg 300w, https:\/\/lubasch.ch\/wp-content\/uploads\/2026\/05\/rast_bio-espresso.jpg 600w\" sizes=\"auto, (max-width: 450px) 100vw, 450px\" \/><\/a>Zwei biozertifizierte Arabicas aus Brasilien und Indonesien \u2013 eine ausgewogene, harmonische Kombination. Die Kaffeekomposition duftet angenehm nach Beeren und hinterl\u00e4sst im Gaumen eine Erinnerung an dunkle Nussschokolade. Die Aromen kommen im Espresso sehr gut zur Geltung. Aber auch zusammen mit Milch haben diese die n\u00f6tige Durchsetzungskraft.<\/p>\n<p><a href=\"https:\/\/lubasch.ch\/wp-content\/uploads\/2026\/05\/rast_bio-espresso-diagramm.png\"><img loading=\"lazy\" decoding=\"async\" class=\"alignnone size-thumbnail wp-image-20667\" src=\"https:\/\/lubasch.ch\/wp-content\/uploads\/2026\/05\/rast_bio-espresso-diagramm-150x150.png\" alt=\"\" width=\"150\" height=\"150\" \/><\/a><\/p>\n<ul>\n<li>Arabica<\/li>\n<li>Wacholder<\/li>\n<li>dunkle Nussschokolade<\/li>\n<li>Label Bio<\/li>\n<\/ul>\n<h3>Eldorado Kaffee-Mischung<\/h3>\n<p>Indien, Guatemala, Brasilien, Costa Rica<\/p>\n<p><a href=\"https:\/\/lubasch.ch\/wp-content\/uploads\/2026\/05\/rast_eldorado.jpg\"><img loading=\"lazy\" decoding=\"async\" class=\"alignright wp-image-20668\" src=\"https:\/\/lubasch.ch\/wp-content\/uploads\/2026\/05\/rast_eldorado-300x200.jpg\" alt=\"\" width=\"450\" height=\"300\" srcset=\"https:\/\/lubasch.ch\/wp-content\/uploads\/2026\/05\/rast_eldorado-300x200.jpg 300w, https:\/\/lubasch.ch\/wp-content\/uploads\/2026\/05\/rast_eldorado.jpg 600w\" sizes=\"auto, (max-width: 450px) 100vw, 450px\" \/><\/a>Die vier Arabicas aus Indien, Guatemala, Brasilien und Costa Rica verschmelzen zu einem harmonischen, runden Kaffee. Eine angenehme S\u00e4ure, ein leicht fruchtiges Aroma mit einer Idee von blumigen Noten \u2013 das zeichnet den Eldorado aus und macht ihn zu einem Genuss in der Tasse.<\/p>\n<p><a href=\"https:\/\/lubasch.ch\/wp-content\/uploads\/2026\/05\/rast_eldorado-diagramm.png\"><img loading=\"lazy\" decoding=\"async\" class=\"alignnone size-thumbnail wp-image-20669\" src=\"https:\/\/lubasch.ch\/wp-content\/uploads\/2026\/05\/rast_eldorado-diagramm-150x150.png\" alt=\"\" width=\"150\" height=\"150\" srcset=\"https:\/\/lubasch.ch\/wp-content\/uploads\/2026\/05\/rast_eldorado-diagramm-150x150.png 150w, https:\/\/lubasch.ch\/wp-content\/uploads\/2026\/05\/rast_eldorado-diagramm-300x300.png 300w, https:\/\/lubasch.ch\/wp-content\/uploads\/2026\/05\/rast_eldorado-diagramm.png 471w\" sizes=\"auto, (max-width: 150px) 100vw, 150px\" \/><\/a><\/p>\n<ul>\n<li>Arabica<\/li>\n<li>S\u00fcssholz, herbal<\/li>\n<li>Baumnuss, frische Erde<\/li>\n<\/ul>\n<h3>Barista Cr\u00e8me Kaffee-Mischung<\/h3>\n<p>Kenia, Costa Rica, Indonesien, PNG, Guatemala<\/p>\n<p><a href=\"https:\/\/lubasch.ch\/wp-content\/uploads\/2026\/05\/rast_barista.jpg\"><img loading=\"lazy\" decoding=\"async\" class=\"alignright wp-image-20670\" src=\"https:\/\/lubasch.ch\/wp-content\/uploads\/2026\/05\/rast_barista-300x200.jpg\" alt=\"\" width=\"450\" height=\"300\" srcset=\"https:\/\/lubasch.ch\/wp-content\/uploads\/2026\/05\/rast_barista-300x200.jpg 300w, https:\/\/lubasch.ch\/wp-content\/uploads\/2026\/05\/rast_barista.jpg 600w\" sizes=\"auto, (max-width: 450px) 100vw, 450px\" \/><\/a>Floral und fruchtig \u2013 dadurch zeichnet sich der Barista Cr\u00e8me aus. Die fruchtigen und floralen Noten erh\u00e4lt die Mischung haupts\u00e4chlich von den drei Arabicas aus Kenia, Costa Rica und Guatemala. Die Bohnen aus Papua-Neuguinea steuern Schokoladen- und Vanillenoten bei. Der Kaffee aus Indonesien rundet die Mischung mit einem w\u00fcrzigen Touch ab.<\/p>\n<p><a href=\"https:\/\/lubasch.ch\/wp-content\/uploads\/2026\/05\/rast_barista-creme-diagramm.png\"><img loading=\"lazy\" decoding=\"async\" class=\"alignnone size-thumbnail wp-image-20671\" src=\"https:\/\/lubasch.ch\/wp-content\/uploads\/2026\/05\/rast_barista-creme-diagramm-150x150.png\" alt=\"\" width=\"150\" height=\"150\" \/><\/a><\/p>\n<ul>\n<li>Arabica<\/li>\n<li>floral, s\u00fcsslich<\/li>\n<li>Akazienhonig, Haselnuss, erinnert leicht an Pfirsich<\/li>\n<\/ul>\n<h3>Barista Espresso<\/h3>\n<p>Guatemala, Kenia, Indonesien, Indien, Brasilien<\/p>\n<p><a href=\"https:\/\/lubasch.ch\/wp-content\/uploads\/2026\/02\/rast_barista_espresso.png\"><img loading=\"lazy\" decoding=\"async\" class=\"alignright wp-image-20333\" src=\"https:\/\/lubasch.ch\/wp-content\/uploads\/2026\/02\/rast_barista_espresso-131x300.png\" alt=\"\" width=\"174\" height=\"400\" srcset=\"https:\/\/lubasch.ch\/wp-content\/uploads\/2026\/02\/rast_barista_espresso-131x300.png 131w, https:\/\/lubasch.ch\/wp-content\/uploads\/2026\/02\/rast_barista_espresso.png 360w\" sizes=\"auto, (max-width: 174px) 100vw, 174px\" \/><\/a>Die eher hell ger\u00f6steten, ausgesuchten Arabicas verleihen dem Espresso Blend eine angenehme Fruchts\u00e4ure. Die Kaffees aus Kenia, Guatemala, Indonesien, Indien und Brasilien verleihen dem Blend die komplexe Aromenvielfalt, die sowohl im reinen Espresso als auch im Cappuccino sehr gut zur Geltung kommen. Zudem gewinnt der Barista Espresso gold! Unabh\u00e4ngige Q-Grader haben eine Auswahl der Spezialit\u00e4ten-Kaffees verkostet und bewertet \u2013 und die nussig, fruchtige Arabica Mischung wurde als herausragend pr\u00e4miert.<\/p>\n<p><a href=\"https:\/\/lubasch.ch\/wp-content\/uploads\/2026\/02\/rast_barista-espresso-diagramm.png\"><img loading=\"lazy\" decoding=\"async\" class=\"alignnone wp-image-20334 size-thumbnail\" src=\"https:\/\/lubasch.ch\/wp-content\/uploads\/2026\/02\/rast_barista-espresso-diagramm-150x150.png\" alt=\"\" width=\"150\" height=\"150\" srcset=\"https:\/\/lubasch.ch\/wp-content\/uploads\/2026\/02\/rast_barista-espresso-diagramm-150x150.png 150w, https:\/\/lubasch.ch\/wp-content\/uploads\/2026\/02\/rast_barista-espresso-diagramm-298x300.png 298w, https:\/\/lubasch.ch\/wp-content\/uploads\/2026\/02\/rast_barista-espresso-diagramm-600x600.png 600w, https:\/\/lubasch.ch\/wp-content\/uploads\/2026\/02\/rast_barista-espresso-diagramm.png 609w\" sizes=\"auto, (max-width: 150px) 100vw, 150px\" \/><\/a><\/p>\n<ul>\n<li>Arabica<\/li>\n<li>Duft nussig, leichte Waldbeernote<\/li>\n<li>Aroma Mandel, Zitrusnote<\/li>\n<\/ul>\n<h3>Venezia<\/h3>\n<p>Indonesien, \u00c4thiopien, Costa Rica, Brasilien<\/p>\n<p><a href=\"https:\/\/lubasch.ch\/wp-content\/uploads\/2026\/02\/rast_venezia.png\"><img loading=\"lazy\" decoding=\"async\" class=\"alignright wp-image-20338\" src=\"https:\/\/lubasch.ch\/wp-content\/uploads\/2026\/02\/rast_venezia-132x300.png\" alt=\"\" width=\"176\" height=\"400\" srcset=\"https:\/\/lubasch.ch\/wp-content\/uploads\/2026\/02\/rast_venezia-132x300.png 132w, https:\/\/lubasch.ch\/wp-content\/uploads\/2026\/02\/rast_venezia.png 363w\" sizes=\"auto, (max-width: 176px) 100vw, 176px\" \/><\/a>Eine zarte S\u00e4ure, intensiv im Aroma, w\u00fcrzig und aromatisch \u2013 das zeichnet den Venezia aus. Der Espresso Blend vereint ausgew\u00e4hlte Arabicas aus Sumatra, \u00c4thiopien, Zentral- und S\u00fcdamerika. Die Sorten sind perfekt aufeinander abgestimmt \u2013 sodass in der Kombination jeweils die besten Attribute der einzelnen Kaffees betont werden.<\/p>\n<p><a href=\"https:\/\/lubasch.ch\/wp-content\/uploads\/2026\/02\/rast_venezia-diagramm.png\"><img loading=\"lazy\" decoding=\"async\" class=\"alignnone wp-image-20339 size-thumbnail\" src=\"https:\/\/lubasch.ch\/wp-content\/uploads\/2026\/02\/rast_venezia-diagramm-150x150.png\" alt=\"\" width=\"150\" height=\"150\" srcset=\"https:\/\/lubasch.ch\/wp-content\/uploads\/2026\/02\/rast_venezia-diagramm-150x150.png 150w, https:\/\/lubasch.ch\/wp-content\/uploads\/2026\/02\/rast_venezia-diagramm-298x300.png 298w, https:\/\/lubasch.ch\/wp-content\/uploads\/2026\/02\/rast_venezia-diagramm-600x600.png 600w, https:\/\/lubasch.ch\/wp-content\/uploads\/2026\/02\/rast_venezia-diagramm.png 610w\" sizes=\"auto, (max-width: 150px) 100vw, 150px\" \/><\/a><\/p>\n<ul>\n<li>Arabica<\/li>\n<li>Duft leicht fruchtig<\/li>\n<li>Aroma s\u00fcsse, rote Beeren<\/li>\n<\/ul>\n<h3>Premium<\/h3>\n<p>Indonesien, Guatemala, Brasilien, Indien<\/p>\n<p data-wp-editing=\"1\"><a href=\"https:\/\/lubasch.ch\/wp-content\/uploads\/2026\/02\/rast_premium.jpg\"><img loading=\"lazy\" decoding=\"async\" class=\"alignright wp-image-20336\" src=\"https:\/\/lubasch.ch\/wp-content\/uploads\/2026\/02\/rast_premium.jpg\" alt=\"\" width=\"450\" height=\"300\" srcset=\"https:\/\/lubasch.ch\/wp-content\/uploads\/2026\/02\/rast_premium.jpg 600w, https:\/\/lubasch.ch\/wp-content\/uploads\/2026\/02\/rast_premium-300x200.jpg 300w\" sizes=\"auto, (max-width: 450px) 100vw, 450px\" \/><\/a>F\u00fcnfmal Arabica, f\u00fcnfmal ausgesuchte Spezialit\u00e4tenkaffees und f\u00fcnfmal purer Geschmack. Das alles steckt in der Caf\u00e9-Cr\u00e8me-Mischung Premium. Kaffeeproduzenten bauen die erlesenen Kaffeebohnen in Indonesien, Guatemala, Brasilien und Indien an.<\/p>\n<p><a href=\"https:\/\/lubasch.ch\/wp-content\/uploads\/2026\/02\/rast_premium-diagramm.png\"><img loading=\"lazy\" decoding=\"async\" class=\"alignnone size-thumbnail wp-image-20337\" src=\"https:\/\/lubasch.ch\/wp-content\/uploads\/2026\/02\/rast_premium-diagramm-150x150.png\" alt=\"\" width=\"150\" height=\"150\" srcset=\"https:\/\/lubasch.ch\/wp-content\/uploads\/2026\/02\/rast_premium-diagramm-150x150.png 150w, https:\/\/lubasch.ch\/wp-content\/uploads\/2026\/02\/rast_premium-diagramm-300x298.png 300w, https:\/\/lubasch.ch\/wp-content\/uploads\/2026\/02\/rast_premium-diagramm-600x600.png 600w, https:\/\/lubasch.ch\/wp-content\/uploads\/2026\/02\/rast_premium-diagramm.png 628w\" sizes=\"auto, (max-width: 150px) 100vw, 150px\" \/><\/a><\/p>\n<ul>\n<li>Arabica<\/li>\n<li>Duft Schokolade, Orange, nussig, Orangenbl\u00fcte<\/li>\n<li>Aroma Mandeln, Brotkruste<\/li>\n<\/ul>\n<h3>Wiener<\/h3>\n<p>Guatemala, Indonesien, Costa Rica, Brasilien<\/p>\n<p><a href=\"https:\/\/lubasch.ch\/wp-content\/uploads\/2026\/02\/rast_wiener.jpg\"><img loading=\"lazy\" decoding=\"async\" class=\"alignright wp-image-20340\" src=\"https:\/\/lubasch.ch\/wp-content\/uploads\/2026\/02\/rast_wiener-150x150.jpg\" alt=\"\" width=\"450\" height=\"300\" srcset=\"https:\/\/lubasch.ch\/wp-content\/uploads\/2026\/02\/rast_wiener-300x200.jpg 300w, https:\/\/lubasch.ch\/wp-content\/uploads\/2026\/02\/rast_wiener.jpg 600w\" sizes=\"auto, (max-width: 450px) 100vw, 450px\" \/><\/a>Wiener ist ein Genuss, sowohl als Caf\u00e9 Cr\u00e8me als auch als Espresso. Die Mischung \u00fcberzeugt mit einer Kombination von drei Arabicas aus Guatemala, Costa Rica und Brasilien und einem Robusta aus Indonesien. Im Zusammenspiel f\u00e4llt besonders das nussige Aroma mit Noten von Zartbitterschokolade und einem vollmundigen K\u00f6rper auf.<\/p>\n<p><a href=\"https:\/\/lubasch.ch\/wp-content\/uploads\/2026\/02\/rast_wiener-diagramm.png\"><img loading=\"lazy\" decoding=\"async\" class=\"alignnone wp-image-20341 size-thumbnail\" src=\"https:\/\/lubasch.ch\/wp-content\/uploads\/2026\/02\/rast_wiener-diagramm-150x150.png\" alt=\"\" width=\"150\" height=\"150\" srcset=\"https:\/\/lubasch.ch\/wp-content\/uploads\/2026\/02\/rast_wiener-diagramm-150x150.png 150w, https:\/\/lubasch.ch\/wp-content\/uploads\/2026\/02\/rast_wiener-diagramm-300x300.png 300w, https:\/\/lubasch.ch\/wp-content\/uploads\/2026\/02\/rast_wiener-diagramm-600x600.png 600w, https:\/\/lubasch.ch\/wp-content\/uploads\/2026\/02\/rast_wiener-diagramm.png 604w\" sizes=\"auto, (max-width: 150px) 100vw, 150px\" \/><\/a><\/p>\n<ul>\n<li>Arabica, Robusta<\/li>\n<li>Duft w\u00fcrzig<\/li>\n<li>Aroma Zartbitterschokolade, Walnuss, Brotkruste<\/li>\n<\/ul>\n<h5>Information &amp; Webshop<\/h5>\n<p><a href=\"https:\/\/www.rast.ch\/de\" target=\"_blank\" rel=\"noopener\">rast.ch<\/a><br \/>\n<a href=\"https:\/\/www.rastshop.ch\/de\/\" target=\"_blank\" rel=\"noopener\">rastshop.ch<\/a><\/p>\n","protected":false},"excerpt":{"rendered":"<p>&nbsp; &nbsp; F\u00fcr den perfekten Kaffeegenuss Was heute eine Schweizer Traditionsr\u00f6sterei ist, begann 1918 als Kolonialwarengesch\u00e4ft im Luzerner Vorort Meggen. Der frisch ger\u00f6stete Kaffee der Familie Rast war weit \u00fcber die Dorfgrenzen bekannt. Und ist heute ein nationaler Begriff. Mit \u00fcber 100 Jahren Erfahrung und h\u00f6chsten Qualit\u00e4tsanspr\u00fcchen engagiert sich die Rast Kaffee AG daf\u00fcr, dass [&hellip;]<\/p>\n","protected":false},"author":1,"featured_media":0,"parent":389,"menu_order":0,"comment_status":"closed","ping_status":"closed","template":"","meta":{"ocean_post_layout":"full-width","ocean_both_sidebars_style":"","ocean_both_sidebars_content_width":0,"ocean_both_sidebars_sidebars_width":0,"ocean_sidebar":"","ocean_second_sidebar":"","ocean_disable_margins":"enable","ocean_add_body_class":"","ocean_shortcode_before_top_bar":"","ocean_shortcode_after_top_bar":"","ocean_shortcode_before_header":"","ocean_shortcode_after_header":"","ocean_has_shortcode":"","ocean_shortcode_after_title":"","ocean_shortcode_before_footer_widgets":"","ocean_shortcode_after_footer_widgets":"","ocean_shortcode_before_footer_bottom":"","ocean_shortcode_after_footer_bottom":"","ocean_display_top_bar":"default","ocean_display_header":"default","ocean_header_style":"","ocean_center_header_left_menu":"","ocean_custom_header_template":"","ocean_custom_logo":0,"ocean_custom_retina_logo":0,"ocean_custom_logo_max_width":0,"ocean_custom_logo_tablet_max_width":0,"ocean_custom_logo_mobile_max_width":0,"ocean_custom_logo_max_height":0,"ocean_custom_logo_tablet_max_height":0,"ocean_custom_logo_mobile_max_height":0,"ocean_header_custom_menu":"","ocean_menu_typo_font_family":"","ocean_menu_typo_font_subset":"","ocean_menu_typo_font_size":0,"ocean_menu_typo_font_size_tablet":0,"ocean_menu_typo_font_size_mobile":0,"ocean_menu_typo_font_size_unit":"px","ocean_menu_typo_font_weight":"","ocean_menu_typo_font_weight_tablet":"","ocean_menu_typo_font_weight_mobile":"","ocean_menu_typo_transform":"","ocean_menu_typo_transform_tablet":"","ocean_menu_typo_transform_mobile":"","ocean_menu_typo_line_height":0,"ocean_menu_typo_line_height_tablet":0,"ocean_menu_typo_line_height_mobile":0,"ocean_menu_typo_line_height_unit":"","ocean_menu_typo_spacing":0,"ocean_menu_typo_spacing_tablet":0,"ocean_menu_typo_spacing_mobile":0,"ocean_menu_typo_spacing_unit":"","ocean_menu_link_color":"","ocean_menu_link_color_hover":"","ocean_menu_link_color_active":"","ocean_menu_link_background":"","ocean_menu_link_hover_background":"","ocean_menu_link_active_background":"","ocean_menu_social_links_bg":"","ocean_menu_social_hover_links_bg":"","ocean_menu_social_links_color":"","ocean_menu_social_hover_links_color":"","ocean_disable_title":"default","ocean_disable_heading":"default","ocean_post_title":"","ocean_post_subheading":"","ocean_post_title_style":"","ocean_post_title_background_color":"","ocean_post_title_background":0,"ocean_post_title_bg_image_position":"","ocean_post_title_bg_image_attachment":"","ocean_post_title_bg_image_repeat":"","ocean_post_title_bg_image_size":"","ocean_post_title_height":0,"ocean_post_title_bg_overlay":0.5,"ocean_post_title_bg_overlay_color":"","ocean_disable_breadcrumbs":"default","ocean_breadcrumbs_color":"","ocean_breadcrumbs_separator_color":"","ocean_breadcrumbs_links_color":"","ocean_breadcrumbs_links_hover_color":"","ocean_display_footer_widgets":"default","ocean_display_footer_bottom":"default","ocean_custom_footer_template":"","footnotes":"","_links_to":"","_links_to_target":""},"class_list":["post-20330","page","type-page","status-publish","hentry","entry"],"_links":{"self":[{"href":"https:\/\/lubasch.ch\/wp\/wp-json\/wp\/v2\/pages\/20330","targetHints":{"allow":["GET"]}}],"collection":[{"href":"https:\/\/lubasch.ch\/wp\/wp-json\/wp\/v2\/pages"}],"about":[{"href":"https:\/\/lubasch.ch\/wp\/wp-json\/wp\/v2\/types\/page"}],"author":[{"embeddable":true,"href":"https:\/\/lubasch.ch\/wp\/wp-json\/wp\/v2\/users\/1"}],"replies":[{"embeddable":true,"href":"https:\/\/lubasch.ch\/wp\/wp-json\/wp\/v2\/comments?post=20330"}],"version-history":[{"count":22,"href":"https:\/\/lubasch.ch\/wp\/wp-json\/wp\/v2\/pages\/20330\/revisions"}],"predecessor-version":[{"id":20673,"href":"https:\/\/lubasch.ch\/wp\/wp-json\/wp\/v2\/pages\/20330\/revisions\/20673"}],"up":[{"embeddable":true,"href":"https:\/\/lubasch.ch\/wp\/wp-json\/wp\/v2\/pages\/389"}],"wp:attachment":[{"href":"https:\/\/lubasch.ch\/wp\/wp-json\/wp\/v2\/media?parent=20330"}],"curies":[{"name":"wp","href":"https:\/\/api.w.org\/{rel}","templated":true}]}}