{"id":19885,"date":"2025-10-29T20:02:34","date_gmt":"2025-10-29T18:02:34","guid":{"rendered":"https:\/\/lubasch.ch\/wp\/?page_id=19885"},"modified":"2026-02-23T20:32:21","modified_gmt":"2026-02-23T18:32:21","slug":"skechers","status":"publish","type":"page","link":"https:\/\/lubasch.ch\/wp\/gadgets\/sport\/skechers\/","title":{"rendered":"Skechers"},"content":{"rendered":"<p><a href=\"https:\/\/www.skechers.ch\/\" target=\"_blank\" rel=\"noopener\"><img loading=\"lazy\" decoding=\"async\" class=\"alignnone wp-image-19884 size-full\" src=\"https:\/\/lubasch.ch\/wp-content\/uploads\/2025\/10\/skechers_logo.png\" alt=\"\" width=\"150\" height=\"15\" \/><\/a><\/p>\n<h5>Skechers AERO series<\/h5>\n<h3>Hands Free Slip-ins mit innovativer Performance f\u00fcr jeden Lauf<\/h3>\n<p><a href=\"https:\/\/lubasch.ch\/wp-content\/uploads\/2025\/10\/skechers_aero4.jpg\"><img loading=\"lazy\" decoding=\"async\" class=\"alignright wp-image-19879\" src=\"https:\/\/lubasch.ch\/wp-content\/uploads\/2025\/10\/skechers_aero4-300x217.jpg\" alt=\"\" width=\"500\" height=\"361\" srcset=\"https:\/\/lubasch.ch\/wp-content\/uploads\/2025\/10\/skechers_aero4-300x217.jpg 300w, https:\/\/lubasch.ch\/wp-content\/uploads\/2025\/10\/skechers_aero4-1024x739.jpg 1024w, https:\/\/lubasch.ch\/wp-content\/uploads\/2025\/10\/skechers_aero4-768x554.jpg 768w, https:\/\/lubasch.ch\/wp-content\/uploads\/2025\/10\/skechers_aero4-1536x1109.jpg 1536w, https:\/\/lubasch.ch\/wp-content\/uploads\/2025\/10\/skechers_aero4.jpg 1600w\" sizes=\"auto, (max-width: 500px) 100vw, 500px\" \/><\/a>Aussergew\u00f6hnliche Energier\u00fcckgabe bei minimalem Gewicht, sodass du bei langen L\u00e4ufen frisch bleibst, ohne an Geschwindigkeit zu verlieren.<\/p>\n<p>Eine Carbonplatte und eine geformte Zwischensohle sorgen gemeinsam f\u00fcr einen geschmeidigen Schritt und treiben dich an, sodass du bei jedem Lauf ein stabiles sowie \u00fcberragendes Laufgef\u00fchl hast.<\/p>\n<p>Die Goodyear\u00ae-Laufsohle sorgt f\u00fcr perfekten Halt auf der Strasse und auf Wegen und h\u00e4lt dich stabil in den Kurven.<\/p>\n<div id='gallery-1' class='gallery galleryid-19885 gallery-columns-7 gallery-size-thumbnail'><figure class='gallery-item'>\n\t\t\t<div class='gallery-icon landscape'>\n\t\t\t\t<a title=\"skechers_aero-white-green\" href='https:\/\/lubasch.ch\/wp-content\/uploads\/2025\/10\/skechers_aero-white-green.jpg'><img loading=\"lazy\" decoding=\"async\" width=\"150\" height=\"150\" src=\"https:\/\/lubasch.ch\/wp-content\/uploads\/2025\/10\/skechers_aero-white-green-150x150.jpg\" class=\"attachment-thumbnail size-thumbnail\" alt=\"\" srcset=\"https:\/\/lubasch.ch\/wp-content\/uploads\/2025\/10\/skechers_aero-white-green-150x150.jpg 150w, https:\/\/lubasch.ch\/wp-content\/uploads\/2025\/10\/skechers_aero-white-green-600x600.jpg 600w\" sizes=\"auto, (max-width: 150px) 100vw, 150px\" \/><\/a>\n\t\t\t<\/div><\/figure><figure class='gallery-item'>\n\t\t\t<div class='gallery-icon landscape'>\n\t\t\t\t<a title=\"skechers_aero-white\" href='https:\/\/lubasch.ch\/wp-content\/uploads\/2025\/10\/skechers_aero-white.jpg'><img loading=\"lazy\" decoding=\"async\" width=\"150\" height=\"150\" src=\"https:\/\/lubasch.ch\/wp-content\/uploads\/2025\/10\/skechers_aero-white-150x150.jpg\" class=\"attachment-thumbnail size-thumbnail\" alt=\"\" srcset=\"https:\/\/lubasch.ch\/wp-content\/uploads\/2025\/10\/skechers_aero-white-150x150.jpg 150w, https:\/\/lubasch.ch\/wp-content\/uploads\/2025\/10\/skechers_aero-white-600x600.jpg 600w\" sizes=\"auto, (max-width: 150px) 100vw, 150px\" \/><\/a>\n\t\t\t<\/div><\/figure><figure class='gallery-item'>\n\t\t\t<div class='gallery-icon landscape'>\n\t\t\t\t<a title=\"skechers_aero-black\" href='https:\/\/lubasch.ch\/wp-content\/uploads\/2025\/10\/skechers_aero-black.jpg'><img loading=\"lazy\" decoding=\"async\" width=\"150\" height=\"150\" src=\"https:\/\/lubasch.ch\/wp-content\/uploads\/2025\/10\/skechers_aero-black-150x150.jpg\" class=\"attachment-thumbnail size-thumbnail\" alt=\"\" srcset=\"https:\/\/lubasch.ch\/wp-content\/uploads\/2025\/10\/skechers_aero-black-150x150.jpg 150w, https:\/\/lubasch.ch\/wp-content\/uploads\/2025\/10\/skechers_aero-black-600x600.jpg 600w\" sizes=\"auto, (max-width: 150px) 100vw, 150px\" \/><\/a>\n\t\t\t<\/div><\/figure><figure class='gallery-item'>\n\t\t\t<div class='gallery-icon landscape'>\n\t\t\t\t<a title=\"skechers_aero5\" href='https:\/\/lubasch.ch\/wp-content\/uploads\/2025\/10\/skechers_aero5.jpg'><img loading=\"lazy\" decoding=\"async\" width=\"150\" height=\"150\" src=\"https:\/\/lubasch.ch\/wp-content\/uploads\/2025\/10\/skechers_aero5-150x150.jpg\" class=\"attachment-thumbnail size-thumbnail\" alt=\"\" srcset=\"https:\/\/lubasch.ch\/wp-content\/uploads\/2025\/10\/skechers_aero5-150x150.jpg 150w, https:\/\/lubasch.ch\/wp-content\/uploads\/2025\/10\/skechers_aero5-600x600.jpg 600w\" sizes=\"auto, (max-width: 150px) 100vw, 150px\" \/><\/a>\n\t\t\t<\/div><\/figure><figure class='gallery-item'>\n\t\t\t<div class='gallery-icon landscape'>\n\t\t\t\t<a title=\"skechers_aero3\" href='https:\/\/lubasch.ch\/wp-content\/uploads\/2025\/10\/skechers_aero3.jpg'><img loading=\"lazy\" decoding=\"async\" width=\"150\" height=\"150\" src=\"https:\/\/lubasch.ch\/wp-content\/uploads\/2025\/10\/skechers_aero3-150x150.jpg\" class=\"attachment-thumbnail size-thumbnail\" alt=\"\" srcset=\"https:\/\/lubasch.ch\/wp-content\/uploads\/2025\/10\/skechers_aero3-150x150.jpg 150w, https:\/\/lubasch.ch\/wp-content\/uploads\/2025\/10\/skechers_aero3-600x600.jpg 600w\" sizes=\"auto, (max-width: 150px) 100vw, 150px\" \/><\/a>\n\t\t\t<\/div><\/figure><figure class='gallery-item'>\n\t\t\t<div class='gallery-icon portrait'>\n\t\t\t\t<a title=\"skechers_aero2\" href='https:\/\/lubasch.ch\/wp-content\/uploads\/2025\/10\/skechers_aero2.jpg'><img loading=\"lazy\" decoding=\"async\" width=\"150\" height=\"150\" src=\"https:\/\/lubasch.ch\/wp-content\/uploads\/2025\/10\/skechers_aero2-150x150.jpg\" class=\"attachment-thumbnail size-thumbnail\" alt=\"\" srcset=\"https:\/\/lubasch.ch\/wp-content\/uploads\/2025\/10\/skechers_aero2-150x150.jpg 150w, https:\/\/lubasch.ch\/wp-content\/uploads\/2025\/10\/skechers_aero2-600x600.jpg 600w\" sizes=\"auto, (max-width: 150px) 100vw, 150px\" \/><\/a>\n\t\t\t<\/div><\/figure><figure class='gallery-item'>\n\t\t\t<div class='gallery-icon landscape'>\n\t\t\t\t<a title=\"skechers_aero1\" href='https:\/\/lubasch.ch\/wp-content\/uploads\/2025\/10\/skechers_aero1.jpg'><img loading=\"lazy\" decoding=\"async\" width=\"150\" height=\"150\" src=\"https:\/\/lubasch.ch\/wp-content\/uploads\/2025\/10\/skechers_aero1-150x150.jpg\" class=\"attachment-thumbnail size-thumbnail\" alt=\"\" srcset=\"https:\/\/lubasch.ch\/wp-content\/uploads\/2025\/10\/skechers_aero1-150x150.jpg 150w, https:\/\/lubasch.ch\/wp-content\/uploads\/2025\/10\/skechers_aero1-600x600.jpg 600w\" sizes=\"auto, (max-width: 150px) 100vw, 150px\" \/><\/a>\n\t\t\t<\/div><\/figure><figure class='gallery-item'>\n\t\t\t<div class='gallery-icon landscape'>\n\t\t\t\t<a title=\"skechers-sohle\" href='https:\/\/lubasch.ch\/wp-content\/uploads\/2025\/10\/skechers-sohle-scaled.jpg'><img loading=\"lazy\" decoding=\"async\" width=\"150\" height=\"150\" src=\"https:\/\/lubasch.ch\/wp-content\/uploads\/2025\/10\/skechers-sohle-150x150.jpg\" class=\"attachment-thumbnail size-thumbnail\" alt=\"\" srcset=\"https:\/\/lubasch.ch\/wp-content\/uploads\/2025\/10\/skechers-sohle-150x150.jpg 150w, https:\/\/lubasch.ch\/wp-content\/uploads\/2025\/10\/skechers-sohle-600x600.jpg 600w\" sizes=\"auto, (max-width: 150px) 100vw, 150px\" \/><\/a>\n\t\t\t<\/div><\/figure><figure class='gallery-item'>\n\t\t\t<div class='gallery-icon landscape'>\n\t\t\t\t<a title=\"skechers-carbon\" href='https:\/\/lubasch.ch\/wp-content\/uploads\/2025\/10\/skechers-carbon-scaled.jpg'><img loading=\"lazy\" decoding=\"async\" width=\"150\" height=\"150\" src=\"https:\/\/lubasch.ch\/wp-content\/uploads\/2025\/10\/skechers-carbon-150x150.jpg\" class=\"attachment-thumbnail size-thumbnail\" alt=\"\" srcset=\"https:\/\/lubasch.ch\/wp-content\/uploads\/2025\/10\/skechers-carbon-150x150.jpg 150w, https:\/\/lubasch.ch\/wp-content\/uploads\/2025\/10\/skechers-carbon-600x600.jpg 600w\" sizes=\"auto, (max-width: 150px) 100vw, 150px\" \/><\/a>\n\t\t\t<\/div><\/figure><figure class='gallery-item'>\n\t\t\t<div class='gallery-icon landscape'>\n\t\t\t\t<a title=\"skechers-energie\" href='https:\/\/lubasch.ch\/wp-content\/uploads\/2025\/10\/skechers-energie-scaled.jpg'><img loading=\"lazy\" decoding=\"async\" width=\"150\" height=\"150\" src=\"https:\/\/lubasch.ch\/wp-content\/uploads\/2025\/10\/skechers-energie-150x150.jpg\" class=\"attachment-thumbnail size-thumbnail\" alt=\"\" srcset=\"https:\/\/lubasch.ch\/wp-content\/uploads\/2025\/10\/skechers-energie-150x150.jpg 150w, https:\/\/lubasch.ch\/wp-content\/uploads\/2025\/10\/skechers-energie-600x600.jpg 600w\" sizes=\"auto, (max-width: 150px) 100vw, 150px\" \/><\/a>\n\t\t\t<\/div><\/figure>\n\t\t<\/div>\n\n<h5>Information<\/h5>\n<p><a href=\"https:\/\/www.skechers.ch\/\" target=\"_blank\" rel=\"noopener\">skechers<\/a><\/p>\n\n\n<p><\/p>\n\n\n\n<p><\/p>\n\n\n\n<ul class=\"wp-block-list\"><\/ul>\n\n\n\n<p><\/p>\n\n\n<\/p>","protected":false},"excerpt":{"rendered":"<p>Skechers AERO series Hands Free Slip-ins mit innovativer Performance f\u00fcr jeden Lauf Aussergew\u00f6hnliche Energier\u00fcckgabe bei minimalem Gewicht, sodass du bei langen L\u00e4ufen frisch bleibst, ohne an Geschwindigkeit zu verlieren. Eine Carbonplatte und eine geformte Zwischensohle sorgen gemeinsam f\u00fcr einen geschmeidigen Schritt und treiben dich an, sodass du bei jedem Lauf ein stabiles sowie \u00fcberragendes Laufgef\u00fchl [&hellip;]<\/p>\n","protected":false},"author":1,"featured_media":0,"parent":299,"menu_order":0,"comment_status":"closed","ping_status":"closed","template":"","meta":{"ocean_post_layout":"full-width","ocean_both_sidebars_style":"","ocean_both_sidebars_content_width":0,"ocean_both_sidebars_sidebars_width":0,"ocean_sidebar":"","ocean_second_sidebar":"","ocean_disable_margins":"enable","ocean_add_body_class":"","ocean_shortcode_before_top_bar":"","ocean_shortcode_after_top_bar":"","ocean_shortcode_before_header":"","ocean_shortcode_after_header":"","ocean_has_shortcode":"","ocean_shortcode_after_title":"","ocean_shortcode_before_footer_widgets":"","ocean_shortcode_after_footer_widgets":"","ocean_shortcode_before_footer_bottom":"","ocean_shortcode_after_footer_bottom":"","ocean_display_top_bar":"default","ocean_display_header":"default","ocean_header_style":"","ocean_center_header_left_menu":"","ocean_custom_header_template":"","ocean_custom_logo":0,"ocean_custom_retina_logo":0,"ocean_custom_logo_max_width":0,"ocean_custom_logo_tablet_max_width":0,"ocean_custom_logo_mobile_max_width":0,"ocean_custom_logo_max_height":0,"ocean_custom_logo_tablet_max_height":0,"ocean_custom_logo_mobile_max_height":0,"ocean_header_custom_menu":"","ocean_menu_typo_font_family":"","ocean_menu_typo_font_subset":"","ocean_menu_typo_font_size":0,"ocean_menu_typo_font_size_tablet":0,"ocean_menu_typo_font_size_mobile":0,"ocean_menu_typo_font_size_unit":"px","ocean_menu_typo_font_weight":"","ocean_menu_typo_font_weight_tablet":"","ocean_menu_typo_font_weight_mobile":"","ocean_menu_typo_transform":"","ocean_menu_typo_transform_tablet":"","ocean_menu_typo_transform_mobile":"","ocean_menu_typo_line_height":0,"ocean_menu_typo_line_height_tablet":0,"ocean_menu_typo_line_height_mobile":0,"ocean_menu_typo_line_height_unit":"","ocean_menu_typo_spacing":0,"ocean_menu_typo_spacing_tablet":0,"ocean_menu_typo_spacing_mobile":0,"ocean_menu_typo_spacing_unit":"","ocean_menu_link_color":"","ocean_menu_link_color_hover":"","ocean_menu_link_color_active":"","ocean_menu_link_background":"","ocean_menu_link_hover_background":"","ocean_menu_link_active_background":"","ocean_menu_social_links_bg":"","ocean_menu_social_hover_links_bg":"","ocean_menu_social_links_color":"","ocean_menu_social_hover_links_color":"","ocean_disable_title":"default","ocean_disable_heading":"default","ocean_post_title":"","ocean_post_subheading":"","ocean_post_title_style":"","ocean_post_title_background_color":"","ocean_post_title_background":0,"ocean_post_title_bg_image_position":"","ocean_post_title_bg_image_attachment":"","ocean_post_title_bg_image_repeat":"","ocean_post_title_bg_image_size":"","ocean_post_title_height":0,"ocean_post_title_bg_overlay":0.5,"ocean_post_title_bg_overlay_color":"","ocean_disable_breadcrumbs":"default","ocean_breadcrumbs_color":"","ocean_breadcrumbs_separator_color":"","ocean_breadcrumbs_links_color":"","ocean_breadcrumbs_links_hover_color":"","ocean_display_footer_widgets":"default","ocean_display_footer_bottom":"default","ocean_custom_footer_template":"","footnotes":"","_links_to":"","_links_to_target":""},"class_list":["post-19885","page","type-page","status-publish","hentry","entry"],"_links":{"self":[{"href":"https:\/\/lubasch.ch\/wp\/wp-json\/wp\/v2\/pages\/19885","targetHints":{"allow":["GET"]}}],"collection":[{"href":"https:\/\/lubasch.ch\/wp\/wp-json\/wp\/v2\/pages"}],"about":[{"href":"https:\/\/lubasch.ch\/wp\/wp-json\/wp\/v2\/types\/page"}],"author":[{"embeddable":true,"href":"https:\/\/lubasch.ch\/wp\/wp-json\/wp\/v2\/users\/1"}],"replies":[{"embeddable":true,"href":"https:\/\/lubasch.ch\/wp\/wp-json\/wp\/v2\/comments?post=19885"}],"version-history":[{"count":16,"href":"https:\/\/lubasch.ch\/wp\/wp-json\/wp\/v2\/pages\/19885\/revisions"}],"predecessor-version":[{"id":20478,"href":"https:\/\/lubasch.ch\/wp\/wp-json\/wp\/v2\/pages\/19885\/revisions\/20478"}],"up":[{"embeddable":true,"href":"https:\/\/lubasch.ch\/wp\/wp-json\/wp\/v2\/pages\/299"}],"wp:attachment":[{"href":"https:\/\/lubasch.ch\/wp\/wp-json\/wp\/v2\/media?parent=19885"}],"curies":[{"name":"wp","href":"https:\/\/api.w.org\/{rel}","templated":true}]}}