{"id":18079,"date":"2025-02-24T19:23:55","date_gmt":"2025-02-24T17:23:55","guid":{"rendered":"https:\/\/lubasch.ch\/wp\/?page_id=18079"},"modified":"2026-02-23T19:57:28","modified_gmt":"2026-02-23T17:57:28","slug":"teleboy","status":"publish","type":"page","link":"https:\/\/lubasch.ch\/wp\/gadgets\/kommunikation\/teleboy\/","title":{"rendered":"Teleboy"},"content":{"rendered":"<h2><a href=\"https:\/\/www.teleboy.ch\/\" target=\"_blank\" rel=\"noopener\"><img loading=\"lazy\" decoding=\"async\" class=\"wp-image-18069 size-full alignnone\" style=\"border: 0px solid #000000; margin: 0px;\" src=\"https:\/\/lubasch.ch\/wp-content\/uploads\/2025\/02\/logo-teleboy.png\" alt=\"\" width=\"288\" height=\"84\" \/><\/a><\/h2>\n<h5>Teleboy Internet-Abos<\/h5>\n<h4>g\u00fcnstig, flexibel &amp; fair<\/h4>\n<p>Teleboy \u00fcberzeugt durch seine vielf\u00e4ltige Palette an Internet-Abos, bei denen jeder flexibel abgestimmt auf seine Bed\u00fcrfnisse das passende Angebot findet. Ob \u00abHighspeed-Nerd\u00bb, (Gross-)familienhaushalt, Home-Office, Alltags- oder Gelegenheitssurfer \u2013 preislich fair gestaffelt ist f\u00fcr jeden etwas dabei. Und wenn sich die Bed\u00fcrfnisse einmal \u00e4ndern, ist das Abo mit wenigen Klicks angepasst. Was will man mehr?<\/p>\n<p><a href=\"https:\/\/lubasch.ch\/wp-content\/uploads\/2021\/06\/teleboy_abos.png\"><img loading=\"lazy\" decoding=\"async\" class=\"alignnone wp-image-18073\" style=\"border: 0px solid #000000; margin: 0px;\" src=\"https:\/\/lubasch.ch\/wp-content\/uploads\/2021\/06\/teleboy_abos-1024x403.png\" alt=\"\" width=\"1600\" height=\"629\" srcset=\"https:\/\/lubasch.ch\/wp-content\/uploads\/2021\/06\/teleboy_abos-1024x403.png 1024w, https:\/\/lubasch.ch\/wp-content\/uploads\/2021\/06\/teleboy_abos-300x118.png 300w, https:\/\/lubasch.ch\/wp-content\/uploads\/2021\/06\/teleboy_abos-768x302.png 768w, https:\/\/lubasch.ch\/wp-content\/uploads\/2021\/06\/teleboy_abos-1536x604.png 1536w, https:\/\/lubasch.ch\/wp-content\/uploads\/2021\/06\/teleboy_abos.png 1768w\" sizes=\"auto, (max-width: 1600px) 100vw, 1600px\" \/><\/a><\/p>\n<h4>Highlights<\/h4>\n<ul>\n<li>attraktive Kombi-Rabatte f\u00fcr TV, Festnetz und Mobile<\/li>\n<li>top-moderner vorkonfigurierte WLAN-Router kostenlos zu jedem Internet-Abo<\/li>\n<li>jederzeit kostenlos anpassbares Abo<\/li>\n<li>keine versteckten Kosten \u2013 transparent und fair<\/li>\n<li>einfache Bezahlung mit Kreditkarte, TWINT, eBill oder per Rechnung<\/li>\n<li>pers\u00f6nlicher Support per Telefon, E-Mail, Chat und Social Media<\/li>\n<li>dank Partnerunternehmen Swisscom bestes Netz der Schweiz, stabil und verl\u00e4sslich<\/li>\n<\/ul>\n<h4>Denkbar einfache Bestellung<\/h4>\n<p>Der Verf\u00fcgbarkeitscheck pr\u00fcft, welche maximale Geschwindigkeit an der gew\u00fcnschten Adresse m\u00f6glich ist. Nach der Wahl des passenden Abos ist dieses rasch bestellt. Sobald der bereits vorkonfigurierte Router eingetroffen ist, muss dieser nur noch angeschlossen werden und schon ist alles bereit.<\/p>\n<p><a href=\"https:\/\/lubasch.ch\/wp-content\/uploads\/2025\/02\/teleboy_verfuegbarkeit.png\"><img loading=\"lazy\" decoding=\"async\" class=\"alignnone wp-image-18074\" style=\"border: 0px solid #000000; margin: 0px;\" src=\"https:\/\/lubasch.ch\/wp-content\/uploads\/2025\/02\/teleboy_verfuegbarkeit-1024x56.png\" alt=\"\" width=\"1200\" height=\"65\" srcset=\"https:\/\/lubasch.ch\/wp-content\/uploads\/2025\/02\/teleboy_verfuegbarkeit-1024x56.png 1024w, https:\/\/lubasch.ch\/wp-content\/uploads\/2025\/02\/teleboy_verfuegbarkeit-300x16.png 300w, https:\/\/lubasch.ch\/wp-content\/uploads\/2025\/02\/teleboy_verfuegbarkeit-768x42.png 768w, https:\/\/lubasch.ch\/wp-content\/uploads\/2025\/02\/teleboy_verfuegbarkeit-1536x84.png 1536w, https:\/\/lubasch.ch\/wp-content\/uploads\/2025\/02\/teleboy_verfuegbarkeit.png 1672w\" sizes=\"auto, (max-width: 1200px) 100vw, 1200px\" \/><\/a><\/p>\n<p><a href=\"https:\/\/lubasch.ch\/wp-content\/uploads\/2021\/06\/teleboy_bestellung.png\"><img loading=\"lazy\" decoding=\"async\" class=\"alignnone wp-image-18075\" style=\"border: 0px solid #000000; margin: 0px;\" src=\"https:\/\/lubasch.ch\/wp-content\/uploads\/2021\/06\/teleboy_bestellung-1024x228.png\" alt=\"\" width=\"1200\" height=\"267\" srcset=\"https:\/\/lubasch.ch\/wp-content\/uploads\/2021\/06\/teleboy_bestellung-1024x228.png 1024w, https:\/\/lubasch.ch\/wp-content\/uploads\/2021\/06\/teleboy_bestellung-300x67.png 300w, https:\/\/lubasch.ch\/wp-content\/uploads\/2021\/06\/teleboy_bestellung-768x171.png 768w, https:\/\/lubasch.ch\/wp-content\/uploads\/2021\/06\/teleboy_bestellung.png 1307w\" sizes=\"auto, (max-width: 1200px) 100vw, 1200px\" \/><\/a><\/p>\n<h4>Teleboy Home \u2013 alles aus einer Hand<\/h4>\n<p><a href=\"https:\/\/lubasch.ch\/wp-content\/uploads\/2025\/02\/teleboy-internet-abos.jpg\"><img loading=\"lazy\" decoding=\"async\" class=\"alignright wp-image-18070\" style=\"border: 0px solid #000000; margin: 0px;\" src=\"https:\/\/lubasch.ch\/wp-content\/uploads\/2025\/02\/teleboy-internet-abos-300x200.jpg\" alt=\"\" width=\"350\" height=\"233\" srcset=\"https:\/\/lubasch.ch\/wp-content\/uploads\/2025\/02\/teleboy-internet-abos-300x200.jpg 300w, https:\/\/lubasch.ch\/wp-content\/uploads\/2025\/02\/teleboy-internet-abos-1024x683.jpg 1024w, https:\/\/lubasch.ch\/wp-content\/uploads\/2025\/02\/teleboy-internet-abos-768x512.jpg 768w, https:\/\/lubasch.ch\/wp-content\/uploads\/2025\/02\/teleboy-internet-abos.jpg 1200w\" sizes=\"auto, (max-width: 350px) 100vw, 350px\" \/><\/a>Attraktiver Kombi-Rabatt bei Wahl von Internet-Abo mit TV, Festnetz und Mobile.<\/p>\n<h5>Internet<\/h5>\n<ul>\n<li>10 Mbit\/s bis 10 Gbit\/s<\/li>\n<li>DSL &amp; Glasfaser<\/li>\n<li>jederzeit anpassbar<\/li>\n<li>Festnetz optional<\/li>\n<li>Swisscom-Netz<\/li>\n<li>kostenloser WLAN-Router<\/li>\n<\/ul>\n<h5>Fernsehen<\/h5>\n<ul>\n<li><a href=\"https:\/\/lubasch.ch\/wp-content\/uploads\/2025\/02\/teleboy_tv.jpg\"><img loading=\"lazy\" decoding=\"async\" class=\"alignright wp-image-18076\" style=\"margin: 0px; border: 0px solid #000000;\" src=\"https:\/\/lubasch.ch\/wp-content\/uploads\/2025\/02\/teleboy_tv-300x203.jpg\" alt=\"\" width=\"350\" height=\"236\" srcset=\"https:\/\/lubasch.ch\/wp-content\/uploads\/2025\/02\/teleboy_tv-300x203.jpg 300w, https:\/\/lubasch.ch\/wp-content\/uploads\/2025\/02\/teleboy_tv-1024x691.jpg 1024w, https:\/\/lubasch.ch\/wp-content\/uploads\/2025\/02\/teleboy_tv-768x518.jpg 768w, https:\/\/lubasch.ch\/wp-content\/uploads\/2025\/02\/teleboy_tv.jpg 1200w\" sizes=\"auto, (max-width: 350px) 100vw, 350px\" \/><\/a>Teleboy TV mit \u00fcber 300 Sendern, davon mehr als 170 in HD<\/li>\n<li>Full HD &amp; Dolby Digital<\/li>\n<li>7-Tage-Replay<\/li>\n<li>2400 h-Aufnahmespeicher<\/li>\n<li>\u00a0Download-Funktion<\/li>\n<li>\u00a0\u00abSkip-Ad\u00bb-Funktion (optional)<\/li>\n<\/ul>\n<h5>Mobile<\/h5>\n<ul>\n<li>International Kombi \u2013 Swiss Kombi \u2013 Eco<\/li>\n<li>unlimitiert Daten (Schweiz)<\/li>\n<li><a href=\"https:\/\/lubasch.ch\/wp-content\/uploads\/2025\/02\/teleboy_mobile.jpg\"><img loading=\"lazy\" decoding=\"async\" class=\"alignright wp-image-18078\" style=\"border: 0px solid #000000; margin: 0px;\" src=\"https:\/\/lubasch.ch\/wp-content\/uploads\/2025\/02\/teleboy_mobile-300x189.jpg\" alt=\"\" width=\"350\" height=\"221\" srcset=\"https:\/\/lubasch.ch\/wp-content\/uploads\/2025\/02\/teleboy_mobile-300x189.jpg 300w, https:\/\/lubasch.ch\/wp-content\/uploads\/2025\/02\/teleboy_mobile-1024x645.jpg 1024w, https:\/\/lubasch.ch\/wp-content\/uploads\/2025\/02\/teleboy_mobile-768x484.jpg 768w, https:\/\/lubasch.ch\/wp-content\/uploads\/2025\/02\/teleboy_mobile.jpg 1200w\" sizes=\"auto, (max-width: 350px) 100vw, 350px\" \/><\/a>unlimitiert Telefonie &amp; SMS (Schweiz)<\/li>\n<li>im besten Sunrise-Netz<\/li>\n<li>keine Mindestlaufzeit (60 Tage K\u00fcndigungsfrist)<\/li>\n<\/ul>\n<h5>Information &amp; Bestellung<\/h5>\n<p><a href=\"https:\/\/www.teleboy.ch\/\" target=\"_blank\" rel=\"noopener\">teleboy.ch<\/a><\/p>\n<p><a href=\"https:\/\/lubasch.ch\/wp-content\/uploads\/2025\/02\/teleboy_rang1-moneyland.png\"><img loading=\"lazy\" decoding=\"async\" class=\"alignnone wp-image-18072\" style=\"margin: 0px; border: 0px solid #000000;\" src=\"https:\/\/lubasch.ch\/wp-content\/uploads\/2025\/02\/teleboy_rang1-moneyland.png\" alt=\"\" width=\"200\" height=\"153\" \/><\/a><a href=\"https:\/\/lubasch.ch\/wp-content\/uploads\/2025\/02\/teleboy_google.png\"><img loading=\"lazy\" decoding=\"async\" class=\"alignnone wp-image-18097 size-full\" style=\"border: 0px solid #000000; margin: 0px;\" src=\"https:\/\/lubasch.ch\/wp-content\/uploads\/2025\/02\/teleboy_google.png\" alt=\"\" width=\"402\" height=\"115\" srcset=\"https:\/\/lubasch.ch\/wp-content\/uploads\/2025\/02\/teleboy_google.png 402w, https:\/\/lubasch.ch\/wp-content\/uploads\/2025\/02\/teleboy_google-300x86.png 300w\" sizes=\"auto, (max-width: 402px) 100vw, 402px\" \/><\/a><\/p>\n","protected":false},"excerpt":{"rendered":"<p>Teleboy Internet-Abos g\u00fcnstig, flexibel &amp; fair Teleboy \u00fcberzeugt durch seine vielf\u00e4ltige Palette an Internet-Abos, bei denen jeder flexibel abgestimmt auf seine Bed\u00fcrfnisse das passende Angebot findet. Ob \u00abHighspeed-Nerd\u00bb, (Gross-)familienhaushalt, Home-Office, Alltags- oder Gelegenheitssurfer \u2013 preislich fair gestaffelt ist f\u00fcr jeden etwas dabei. Und wenn sich die Bed\u00fcrfnisse einmal \u00e4ndern, ist das Abo mit wenigen Klicks [&hellip;]<\/p>\n","protected":false},"author":1,"featured_media":0,"parent":385,"menu_order":60,"comment_status":"closed","ping_status":"closed","template":"","meta":{"ocean_post_layout":"full-width","ocean_both_sidebars_style":"","ocean_both_sidebars_content_width":0,"ocean_both_sidebars_sidebars_width":0,"ocean_sidebar":"","ocean_second_sidebar":"","ocean_disable_margins":"enable","ocean_add_body_class":"","ocean_shortcode_before_top_bar":"","ocean_shortcode_after_top_bar":"","ocean_shortcode_before_header":"","ocean_shortcode_after_header":"","ocean_has_shortcode":"","ocean_shortcode_after_title":"","ocean_shortcode_before_footer_widgets":"","ocean_shortcode_after_footer_widgets":"","ocean_shortcode_before_footer_bottom":"","ocean_shortcode_after_footer_bottom":"","ocean_display_top_bar":"default","ocean_display_header":"default","ocean_header_style":"","ocean_center_header_left_menu":"","ocean_custom_header_template":"","ocean_custom_logo":0,"ocean_custom_retina_logo":0,"ocean_custom_logo_max_width":0,"ocean_custom_logo_tablet_max_width":0,"ocean_custom_logo_mobile_max_width":0,"ocean_custom_logo_max_height":0,"ocean_custom_logo_tablet_max_height":0,"ocean_custom_logo_mobile_max_height":0,"ocean_header_custom_menu":"","ocean_menu_typo_font_family":"","ocean_menu_typo_font_subset":"","ocean_menu_typo_font_size":0,"ocean_menu_typo_font_size_tablet":0,"ocean_menu_typo_font_size_mobile":0,"ocean_menu_typo_font_size_unit":"px","ocean_menu_typo_font_weight":"","ocean_menu_typo_font_weight_tablet":"","ocean_menu_typo_font_weight_mobile":"","ocean_menu_typo_transform":"","ocean_menu_typo_transform_tablet":"","ocean_menu_typo_transform_mobile":"","ocean_menu_typo_line_height":0,"ocean_menu_typo_line_height_tablet":0,"ocean_menu_typo_line_height_mobile":0,"ocean_menu_typo_line_height_unit":"","ocean_menu_typo_spacing":0,"ocean_menu_typo_spacing_tablet":0,"ocean_menu_typo_spacing_mobile":0,"ocean_menu_typo_spacing_unit":"","ocean_menu_link_color":"","ocean_menu_link_color_hover":"","ocean_menu_link_color_active":"","ocean_menu_link_background":"","ocean_menu_link_hover_background":"","ocean_menu_link_active_background":"","ocean_menu_social_links_bg":"","ocean_menu_social_hover_links_bg":"","ocean_menu_social_links_color":"","ocean_menu_social_hover_links_color":"","ocean_disable_title":"default","ocean_disable_heading":"default","ocean_post_title":"","ocean_post_subheading":"","ocean_post_title_style":"","ocean_post_title_background_color":"","ocean_post_title_background":0,"ocean_post_title_bg_image_position":"","ocean_post_title_bg_image_attachment":"","ocean_post_title_bg_image_repeat":"","ocean_post_title_bg_image_size":"","ocean_post_title_height":0,"ocean_post_title_bg_overlay":0.5,"ocean_post_title_bg_overlay_color":"","ocean_disable_breadcrumbs":"default","ocean_breadcrumbs_color":"","ocean_breadcrumbs_separator_color":"","ocean_breadcrumbs_links_color":"","ocean_breadcrumbs_links_hover_color":"","ocean_display_footer_widgets":"default","ocean_display_footer_bottom":"default","ocean_custom_footer_template":"","footnotes":"","_links_to":"","_links_to_target":""},"class_list":["post-18079","page","type-page","status-publish","hentry","entry"],"_links":{"self":[{"href":"https:\/\/lubasch.ch\/wp\/wp-json\/wp\/v2\/pages\/18079","targetHints":{"allow":["GET"]}}],"collection":[{"href":"https:\/\/lubasch.ch\/wp\/wp-json\/wp\/v2\/pages"}],"about":[{"href":"https:\/\/lubasch.ch\/wp\/wp-json\/wp\/v2\/types\/page"}],"author":[{"embeddable":true,"href":"https:\/\/lubasch.ch\/wp\/wp-json\/wp\/v2\/users\/1"}],"replies":[{"embeddable":true,"href":"https:\/\/lubasch.ch\/wp\/wp-json\/wp\/v2\/comments?post=18079"}],"version-history":[{"count":22,"href":"https:\/\/lubasch.ch\/wp\/wp-json\/wp\/v2\/pages\/18079\/revisions"}],"predecessor-version":[{"id":20447,"href":"https:\/\/lubasch.ch\/wp\/wp-json\/wp\/v2\/pages\/18079\/revisions\/20447"}],"up":[{"embeddable":true,"href":"https:\/\/lubasch.ch\/wp\/wp-json\/wp\/v2\/pages\/385"}],"wp:attachment":[{"href":"https:\/\/lubasch.ch\/wp\/wp-json\/wp\/v2\/media?parent=18079"}],"curies":[{"name":"wp","href":"https:\/\/api.w.org\/{rel}","templated":true}]}}